{"id":6,"date":"2018-01-15T09:56:27","date_gmt":"2018-01-15T09:56:27","guid":{"rendered":"http:\/\/ranbron.bolvo.com\/?page_id=6"},"modified":"2022-08-01T17:57:59","modified_gmt":"2022-08-01T14:57:59","slug":"home","status":"publish","type":"page","link":"http:\/\/bacaksizoglumermer.com\/sontema\/","title":{"rendered":"Anasayfa"},"content":{"rendered":"<p>[vc_row][vc_column]\n\t\t\t<!-- START slider2 REVOLUTION SLIDER 6.5.21 --><p class=\"rs-p-wp-fix\"><\/p>\n\t\t\t<rs-module-wrap id=\"rev_slider_2_1_wrapper\" data-source=\"gallery\" style=\"visibility:hidden;background:transparent;padding:0;margin:0px auto;margin-top:0;margin-bottom:0;\">\n\t\t\t\t<rs-module id=\"rev_slider_2_1\" style=\"\" data-version=\"6.5.21\">\n\t\t\t\t\t<rs-slides>\n\t\t\t\t\t\t<rs-slide style=\"position: absolute;\" data-key=\"rs-5\" data-title=\"Slide\" data-duration=\"6410\" data-in=\"o:0;\" data-out=\"a:false;\">\n\t\t\t\t\t\t\t<img loading=\"lazy\" decoding=\"async\" src=\"\/\/bacaksizoglumermer.com\/sontema\/wp-content\/plugins\/revslider\/public\/assets\/assets\/dummy.png\" alt=\"\" title=\"1\" width=\"1920\" height=\"1080\" class=\"rev-slidebg tp-rs-img rs-lazyload\" data-lazyload=\"\/\/bacaksizoglumermer.com\/sontema\/wp-content\/uploads\/2022\/05\/1.jpg\" data-no-retina>\n<!---->\t\t\t\t\t\t<\/rs-slide>\n\t\t\t\t\t<\/rs-slides>\n\t\t\t\t<\/rs-module>\n\t\t\t\t<script>\n\t\t\t\t\tsetREVStartSize({c: 'rev_slider_2_1',rl:[1240,1024,778,480],el:[620,620,450,450],gw:[1240,1024,778,480],gh:[620,620,450,450],type:'standard',justify:'',layout:'fullwidth',mh:\"0\"});if (window.RS_MODULES!==undefined && window.RS_MODULES.modules!==undefined && window.RS_MODULES.modules[\"revslider21\"]!==undefined) {window.RS_MODULES.modules[\"revslider21\"].once = false;window.revapi2 = undefined;if (window.RS_MODULES.checkMinimal!==undefined) window.RS_MODULES.checkMinimal()}\n\t\t\t\t<\/script>\n\t\t\t<\/rs-module-wrap>\n\t\t\t<!-- END REVOLUTION SLIDER -->\n[\/vc_column][\/vc_row][vc_row el_class=&#8221;about-home-one&#8221;][vc_column width=&#8221;7\/12&#8243;][tt_vc_title_shortcode up_title=&#8221;2003&#8217;den beri&#8221; title=&#8221;We are <strong>Boreoux<\/strong> Consulting Firm&#8221;]Bacaks\u0131zo\u011flu <strong>Mermer<\/strong>[\/tt_vc_title_shortcode][vc_column_text]Bacaks\u0131zo\u011flu Mermer, 2003 y\u0131l\u0131nda Burdur ilinin Bucak il\u00e7esinde bir aile \u015firketi olarak kurulmu\u015f olup 1200 m2 kapal\u0131 alan ve yakla\u015f\u0131k 15000 m2 a\u00e7\u0131k alan ile \u00fcretimine devam etmektedir.[\/vc_column_text][vc_column_text]\u00c7a\u011f\u0131n getirdi\u011fi teknolojiyi takip edip, ham maddeyi b\u00f6lgenin zengin do\u011fal kaynaklar\u0131ndan temin ederek ihracat kalitesinde bitmi\u015f \u00fcr\u00fcnlere d\u00f6n\u00fc\u015ft\u00fcrmektedir.[\/vc_column_text][vc_column_text]G\u00fcn ge\u00e7tik\u00e7e yenilenmeye \u00e7al\u0131\u015farak m\u00fc\u015fterilerinin ihtiya\u00e7lar\u0131na cevap vermeye \u00e7al\u0131\u015fmaktad\u0131r.[\/vc_column_text][\/vc_column][vc_column width=&#8221;5\/12&#8243;][vc_single_image image=&#8221;2861&#8243; img_size=&#8221;full&#8221; css=&#8221;.vc_custom_1653421990086{margin-bottom: 0px !important;}&#8221;][\/vc_column][\/vc_row][vc_row full_width=&#8221;stretch_row&#8221; el_class=&#8221;qoute-faq-area sec-pad&#8221; css=&#8221;.vc_custom_1531365344417{padding-bottom: 90px !important;}&#8221;][vc_column width=&#8221;1\/2&#8243; el_class=&#8221;qoute-content&#8221;][vc_column_text el_class=&#8221;title&#8221; css=&#8221;.vc_custom_1653422756131{margin-bottom: 40px !important;}&#8221;]<\/p>\n<h3>Neden Bizi Tercih Etmelisiniz ?<\/h3>\n<p>[\/vc_column_text][vc_column_text css=&#8221;.vc_custom_1653423763830{margin-bottom: 0px !important;}&#8221;]<\/p>\n<p class=\"highlighted\">Teknolojiyi son seviyede kullan\u0131p ve yapt\u0131\u011f\u0131m\u0131z i\u015fleri kontrol ediyoruz.<\/p>\n<p>[\/vc_column_text][vc_column_text]\u00c7a\u011f\u0131n getirdi\u011fi teknolojiyi takip edip, ham maddeyi b\u00f6lgenin zengin do\u011fal kaynaklar\u0131ndan temin ederek ihracat kalitesinde bitmi\u015f \u00fcr\u00fcnlere d\u00f6n\u00fc\u015ft\u00fcrerek ve g\u00fcn ge\u00e7tik\u00e7e yenilenmeye \u00e7al\u0131\u015farak m\u00fc\u015fterilerinin ihtiya\u00e7lar\u0131na cevap veriyoruz.[\/vc_column_text][vc_single_image image=&#8221;2869&#8243; img_size=&#8221;full&#8221; el_class=&#8221;qoute-img&#8221;][\/vc_column][vc_column width=&#8221;1\/2&#8243;][vc_column_text el_class=&#8221;title&#8221;]<\/p>\n<h3>Bacaks\u0131zo\u011flu Marble<\/h3>\n<p>[\/vc_column_text][tt_vc_accordion_shortcode inffoo3=&#8221;true&#8221;][tt_vc_accordion_item_shortcode title=&#8221;Vizyonumuz&#8221; active=&#8221;yes&#8221;]\u00dcretim sistemlerini ve bilgiyi nitelikli i\u015f g\u00fcc\u00fc ile birle\u015ftirerek \u00fcretti\u011fi kaliteli, sa\u011flam ve g\u00f6z al\u0131c\u0131 \u00fcr\u00fcnlerle ulusal ve uluslararas\u0131 platformda sekt\u00f6r\u00fcn g\u00fcvenilen, \u00f6rnek al\u0131nan markas\u0131 olmak.[\/tt_vc_accordion_item_shortcode][tt_vc_accordion_item_shortcode title=&#8221;Misyonumuz&#8221;]Ulusal ve uluslar aras\u0131 standartlara uygun, en iyi kalitede, m\u00fc\u015fteriyi \u00fczmeyen, daima istenen ve aranan, d\u00fc\u015f\u00fck maliyetle ve y\u00fcksek etkinlikle \u00fcr\u00fcnler \u00fcretip, yerli ve global pazarda sayg\u0131nl\u0131k ve g\u00fcven kazanarak varolu\u015fumuzu, bilinirli\u011fimizi ve devaml\u0131l\u0131\u011f\u0131m\u0131z\u0131 peki\u015ftirmek, farkl\u0131 ve yeniyi \u00fcretmek.[\/tt_vc_accordion_item_shortcode][tt_vc_accordion_item_shortcode title=&#8221;De\u011ferlerimiz&#8221;]-Yetkin, e\u011fitimli ve g\u00fcler y\u00fczl\u00fc personel,<br \/>\n-\u00c7a\u011fda\u015f ve teknolojik \u00fcretim ko\u015fullar\u0131,<br \/>\n-Kalitenin maliyetinden asla taviz vermeyen \u00fcretim yakla\u015f\u0131m\u0131,<br \/>\n-S\u00fcrekli de\u011fi\u015fimci ve yenilik\u00e7i yap\u0131.[\/tt_vc_accordion_item_shortcode][\/tt_vc_accordion_shortcode][\/vc_column][\/vc_row][vc_row full_width=&#8221;stretch_row&#8221; el_class=&#8221;fun-fact-area&#8221; css=&#8221;.vc_custom_1532095043410{border-top-width: 1px !important;padding-top: 100px !important;padding-bottom: 90px !important;border-top-color: #e5e5e5 !important;border-top-style: solid !important;}&#8221;][vc_column css=&#8221;.vc_custom_1531118161332{padding-top: 0px !important;}&#8221;][vc_custom_heading text=&#8221;\u00dcr\u00fcnlerimiz&#8221; font_container=&#8221;tag:h2|text_align:center&#8221; use_theme_fonts=&#8221;yes&#8221; link=&#8221;url:http%3A%2F%2Fbacaksizoglumermer.com%2Fsontema%2Furunlerimiz%2F|title:%C3%9Cr%C3%BCnlerimiz&#8221; css=&#8221;.vc_custom_1653430384065{margin-bottom: 25px !important;}&#8221;][vc_row_inner][vc_column_inner width=&#8221;1\/3&#8243;][vc_single_image image=&#8221;2995&#8243; img_size=&#8221;full&#8221; alignment=&#8221;center&#8221; onclick=&#8221;custom_link&#8221; link=&#8221;http:\/\/bacaksizoglumermer.com\/sontema\/urunlerimiz\/burdur-bej\/&#8221;][\/vc_column_inner][vc_column_inner width=&#8221;1\/3&#8243;][vc_single_image image=&#8221;2996&#8243; img_size=&#8221;full&#8221; alignment=&#8221;center&#8221; onclick=&#8221;custom_link&#8221; link=&#8221;http:\/\/bacaksizoglumermer.com\/sontema\/urunlerimiz\/burdur-kahve\/&#8221;][\/vc_column_inner][vc_column_inner width=&#8221;1\/3&#8243;][vc_single_image image=&#8221;2997&#8243; img_size=&#8221;full&#8221; alignment=&#8221;center&#8221; onclick=&#8221;custom_link&#8221; link=&#8221;http:\/\/bacaksizoglumermer.com\/sontema\/urunlerimiz\/yan-yuzey-islemleri\/&#8221;][\/vc_column_inner][\/vc_row_inner][vc_row_inner][vc_column_inner width=&#8221;1\/3&#8243;][vc_single_image image=&#8221;2998&#8243; img_size=&#8221;full&#8221; alignment=&#8221;center&#8221; onclick=&#8221;custom_link&#8221; link=&#8221;http:\/\/bacaksizoglumermer.com\/sontema\/urunlerimiz\/profil-cesitleri\/&#8221;][\/vc_column_inner][vc_column_inner width=&#8221;1\/3&#8243;][vc_single_image image=&#8221;2999&#8243; img_size=&#8221;full&#8221; alignment=&#8221;center&#8221; onclick=&#8221;custom_link&#8221; link=&#8221;http:\/\/bacaksizoglumermer.com\/sontema\/urunlerimiz\/plakalar\/&#8221;][\/vc_column_inner][vc_column_inner width=&#8221;1\/3&#8243;][\/vc_column_inner][\/vc_row_inner][\/vc_column][\/vc_row]<\/p>\n","protected":false},"excerpt":{"rendered":"<p>[vc_row][vc_column][\/vc_column][\/vc_row][vc_row el_class=&#8221;about-home-one&#8221;][vc_column width=&#8221;7\/12&#8243;][tt_vc_title_shortcode up_title=&#8221;2003&#8217;den beri&#8221; title=&#8221;We are Boreoux Consulting Firm&#8221;]Bacaks\u0131zo\u011flu Mermer[\/tt_vc_title_shortcode][vc_column_text]Bacaks\u0131zo\u011flu Mermer, 2003 y\u0131l\u0131nda Burdur ilinin Bucak il\u00e7esinde bir aile \u015firketi olarak kurulmu\u015f olup 1200 m2 kapal\u0131 alan ve yakla\u015f\u0131k 15000 m2 a\u00e7\u0131k alan ile \u00fcretimine devam etmektedir.[\/vc_column_text][vc_column_text]\u00c7a\u011f\u0131n getirdi\u011fi teknolojiyi takip edip, ham maddeyi b\u00f6lgenin zengin do\u011fal kaynaklar\u0131ndan temin ederek ihracat kalitesinde bitmi\u015f \u00fcr\u00fcnlere d\u00f6n\u00fc\u015ft\u00fcrmektedir.[\/vc_column_text][vc_column_text]G\u00fcn [&hellip;]<\/p>\n","protected":false},"author":1,"featured_media":0,"parent":0,"menu_order":0,"comment_status":"closed","ping_status":"closed","template":"","meta":{"inline_featured_image":false,"footnotes":""},"class_list":["post-6","page","type-page","status-publish","hentry"],"_links":{"self":[{"href":"http:\/\/bacaksizoglumermer.com\/sontema\/wp-json\/wp\/v2\/pages\/6","targetHints":{"allow":["GET"]}}],"collection":[{"href":"http:\/\/bacaksizoglumermer.com\/sontema\/wp-json\/wp\/v2\/pages"}],"about":[{"href":"http:\/\/bacaksizoglumermer.com\/sontema\/wp-json\/wp\/v2\/types\/page"}],"author":[{"embeddable":true,"href":"http:\/\/bacaksizoglumermer.com\/sontema\/wp-json\/wp\/v2\/users\/1"}],"replies":[{"embeddable":true,"href":"http:\/\/bacaksizoglumermer.com\/sontema\/wp-json\/wp\/v2\/comments?post=6"}],"version-history":[{"count":29,"href":"http:\/\/bacaksizoglumermer.com\/sontema\/wp-json\/wp\/v2\/pages\/6\/revisions"}],"predecessor-version":[{"id":3081,"href":"http:\/\/bacaksizoglumermer.com\/sontema\/wp-json\/wp\/v2\/pages\/6\/revisions\/3081"}],"wp:attachment":[{"href":"http:\/\/bacaksizoglumermer.com\/sontema\/wp-json\/wp\/v2\/media?parent=6"}],"curies":[{"name":"wp","href":"https:\/\/api.w.org\/{rel}","templated":true}]}}